{"id":76,"date":"2018-04-02T11:10:34","date_gmt":"2018-04-02T09:10:34","guid":{"rendered":"http:\/\/www.le-parc-des-acacias.com\/site\/?page_id=76"},"modified":"2018-04-08T09:26:04","modified_gmt":"2018-04-08T07:26:04","slug":"chiots-disponibles","status":"publish","type":"page","link":"http:\/\/www.le-parc-des-acacias.com\/site\/chiots-disponibles\/","title":{"rendered":"Chiots disponibles !"},"content":{"rendered":"<p style=\"text-align: center;\"><span style=\"color: #993300;\">Tous nos chiots sont sont inscrits au LOF, identifi\u00e9s, vaccin\u00e9s et vermifug\u00e9s au d\u00e9part de l&rsquo;\u00e9levage.<\/span><\/p>\n","protected":false},"excerpt":{"rendered":"<p>Tous nos chiots sont sont inscrits au LOF, identifi\u00e9s, vaccin\u00e9s et vermifug\u00e9s au d\u00e9part de l&rsquo;\u00e9levage.<\/p>\n","protected":false},"author":1,"featured_media":0,"parent":0,"menu_order":5,"comment_status":"closed","ping_status":"closed","template":"","meta":{"footnotes":""},"class_list":["post-76","page","type-page","status-publish","hentry"],"_links":{"self":[{"href":"http:\/\/www.le-parc-des-acacias.com\/site\/wp-json\/wp\/v2\/pages\/76","targetHints":{"allow":["GET"]}}],"collection":[{"href":"http:\/\/www.le-parc-des-acacias.com\/site\/wp-json\/wp\/v2\/pages"}],"about":[{"href":"http:\/\/www.le-parc-des-acacias.com\/site\/wp-json\/wp\/v2\/types\/page"}],"author":[{"embeddable":true,"href":"http:\/\/www.le-parc-des-acacias.com\/site\/wp-json\/wp\/v2\/users\/1"}],"replies":[{"embeddable":true,"href":"http:\/\/www.le-parc-des-acacias.com\/site\/wp-json\/wp\/v2\/comments?post=76"}],"version-history":[{"count":20,"href":"http:\/\/www.le-parc-des-acacias.com\/site\/wp-json\/wp\/v2\/pages\/76\/revisions"}],"predecessor-version":[{"id":2151,"href":"http:\/\/www.le-parc-des-acacias.com\/site\/wp-json\/wp\/v2\/pages\/76\/revisions\/2151"}],"wp:attachment":[{"href":"http:\/\/www.le-parc-des-acacias.com\/site\/wp-json\/wp\/v2\/media?parent=76"}],"curies":[{"name":"wp","href":"https:\/\/api.w.org\/{rel}","templated":true}]}}