{"id":388,"date":"2018-04-09T17:55:28","date_gmt":"2018-04-09T15:55:28","guid":{"rendered":"http:\/\/www.le-parc-des-acacias.com\/site\/?page_id=388"},"modified":"2025-06-28T17:26:21","modified_gmt":"2025-06-28T15:26:21","slug":"liste-de-nom","status":"publish","type":"page","link":"http:\/\/www.le-parc-des-acacias.com\/site\/liste-de-nom\/","title":{"rendered":"Liste de nom en \u00ab\u00a0A\u00a0\u00bb"},"content":{"rendered":"<h2>Pr\u00e9nom de chiens m\u00e2les :<\/h2>\n<ul>\n<li>Apollon<\/li>\n<li>Aladin<\/li>\n<li>Amadeus<\/li>\n<li>Achille<\/li>\n<li>Archibald<\/li>\n<li>Arlo<\/li>\n<li>Atlas<\/li>\n<li>Amir<\/li>\n<li>Apache<\/li>\n<li>Amos<\/li>\n<li>Aiko<\/li>\n<li>Arrow<\/li>\n<li>Arnold<\/li>\n<li>Arcane<\/li>\n<li>Aramis<\/li>\n<li>Astro<\/li>\n<li>Ajax<\/li>\n<li>Aragon<\/li>\n<li>Arty<\/li>\n<li>Alvin<\/li>\n<li>Anton<\/li>\n<li>Andy<\/li>\n<li>Alphonse<\/li>\n<li>Abner<\/li>\n<li>Adonis<\/li>\n<li>Alrick<\/li>\n<li>Arthur<\/li>\n<\/ul>\n<h2>Pr\u00e9nom de chiens femelle<\/h2>\n<ul>\n<li>Athena<\/li>\n<li>Amandine<\/li>\n<li>Arwen<\/li>\n<li>Ayla<\/li>\n<li>Anastasia<\/li>\n<li>Avril<\/li>\n<li>Azura<\/li>\n<li>Aloha<\/li>\n<li>Aim\u00e9e<\/li>\n<li>Azal\u00e9e<\/li>\n<li>Am\u00e9thyste<\/li>\n<li>Anabelle<\/li>\n<li>Ariane<\/li>\n<li>Altesse<\/li>\n<li>Aloe<\/li>\n<li>Alessia<\/li>\n<li>Aura<\/li>\n<li>Aby<\/li>\n<li>Aub\u00e9pine<\/li>\n<li>Amande<\/li>\n<li>Ambrosia<\/li>\n<li>Aria<\/li>\n<li>Aurore<\/li>\n<li>Alina<\/li>\n<li>Alissa<\/li>\n<\/ul>\n<h2>Pr\u00e9noms de chiens mixtes<\/h2>\n<ul>\n<li>Aqua<\/li>\n<li>Ambre<\/li>\n<li>Ange<\/li>\n<li>Alaska<\/li>\n<li>Astro<\/li>\n<li>Atlas<\/li>\n<li>Aura<\/li>\n<li>Azur<\/li>\n<li>Aspen<\/li>\n<li>Adon<\/li>\n<li>Alter<\/li>\n<li>Amazone<\/li>\n<li>Aeros<\/li>\n<li>Avalon<\/li>\n<li>Ash<\/li>\n<li>Arcade<\/li>\n<li>Angelo<\/li>\n<li>Astra<\/li>\n<li>Anoki<\/li>\n<li>Aspen<\/li>\n<li>Aiden<\/li>\n<li>Aubin<\/li>\n<li>Anouck<\/li>\n<li>Aurum<\/li>\n<li>Ara<\/li>\n<\/ul>\n<h2 id=\"prenoms-droles\">Pr\u00e9noms dr\u00f4les et originaux<\/h2>\n<p><strong>Alerte<\/strong>\u00a0\u2013 Un nom pour un chien vigilant et protecteur.<\/p>\n<p><strong>Argile<\/strong>\u00a0\u2013 Pour un chien au pelage marron ou beige.<\/p>\n<p><strong>Aplati<\/strong>\u00a0\u2013 Parfait pour un chien au ventre tout rond ou un caract\u00e8re calme.<\/p>\n<p><strong>Aladdin<\/strong>\u00a0\u2013 Pour un chien malicieux, un peu magicien dans son genre !<\/p>\n<p><strong>Ananas<\/strong>\u00a0\u2013 Un nom tropical pour un chien joyeux et sucr\u00e9.<\/p>\n<p><strong>Apocalypse<\/strong>\u00a0\u2013 Pour un chien tr\u00e8s \u00e9nergique ou imposant.<\/p>\n<p><strong>Amiibo<\/strong>\u00a0\u2013 Pour un chien qui adore les jeux ou qui est particuli\u00e8rement attach\u00e9 \u00e0 son ma\u00eetre.<\/p>\n","protected":false},"excerpt":{"rendered":"<p>Pr\u00e9nom de chiens m\u00e2les : Apollon Aladin Amadeus Achille Archibald Arlo Atlas Amir Apache Amos Aiko Arrow Arnold Arcane Aramis Astro Ajax Aragon Arty Alvin Anton Andy Alphonse Abner Adonis Alrick Arthur Pr\u00e9nom de chiens femelle Athena Amandine Arwen Ayla&hellip; <\/p>\n","protected":false},"author":1,"featured_media":0,"parent":0,"menu_order":0,"comment_status":"closed","ping_status":"closed","template":"","meta":{"footnotes":""},"class_list":["post-388","page","type-page","status-publish","hentry"],"_links":{"self":[{"href":"http:\/\/www.le-parc-des-acacias.com\/site\/wp-json\/wp\/v2\/pages\/388","targetHints":{"allow":["GET"]}}],"collection":[{"href":"http:\/\/www.le-parc-des-acacias.com\/site\/wp-json\/wp\/v2\/pages"}],"about":[{"href":"http:\/\/www.le-parc-des-acacias.com\/site\/wp-json\/wp\/v2\/types\/page"}],"author":[{"embeddable":true,"href":"http:\/\/www.le-parc-des-acacias.com\/site\/wp-json\/wp\/v2\/users\/1"}],"replies":[{"embeddable":true,"href":"http:\/\/www.le-parc-des-acacias.com\/site\/wp-json\/wp\/v2\/comments?post=388"}],"version-history":[{"count":17,"href":"http:\/\/www.le-parc-des-acacias.com\/site\/wp-json\/wp\/v2\/pages\/388\/revisions"}],"predecessor-version":[{"id":2737,"href":"http:\/\/www.le-parc-des-acacias.com\/site\/wp-json\/wp\/v2\/pages\/388\/revisions\/2737"}],"wp:attachment":[{"href":"http:\/\/www.le-parc-des-acacias.com\/site\/wp-json\/wp\/v2\/media?parent=388"}],"curies":[{"name":"wp","href":"https:\/\/api.w.org\/{rel}","templated":true}]}}