{"id":16,"date":"2018-04-02T01:09:58","date_gmt":"2018-04-01T23:09:58","guid":{"rendered":"http:\/\/www.le-parc-des-acacias.com\/site\/?page_id=16"},"modified":"2018-05-16T21:11:48","modified_gmt":"2018-05-16T19:11:48","slug":"accueil","status":"publish","type":"page","link":"http:\/\/www.le-parc-des-acacias.com\/site\/","title":{"rendered":"Accueil"},"content":{"rendered":"<p class=\"flotte\"><img decoding=\"async\" class=\"alignright\" src=\"http:\/\/www.le-parc-des-acacias.com\/site\/wp-content\/uploads\/2018\/04\/liste_races.jpg\" \/><img loading=\"lazy\" decoding=\"async\" class=\"alignnone  wp-image-930\" src=\"http:\/\/www.le-parc-des-acacias.com\/site\/wp-content\/uploads\/2018\/05\/header-1024x264.png\" alt=\"\" width=\"622\" height=\"160\" srcset=\"http:\/\/www.le-parc-des-acacias.com\/site\/wp-content\/uploads\/2018\/05\/header-1024x264.png 1024w, http:\/\/www.le-parc-des-acacias.com\/site\/wp-content\/uploads\/2018\/05\/header-270x70.png 270w, http:\/\/www.le-parc-des-acacias.com\/site\/wp-content\/uploads\/2018\/05\/header-768x198.png 768w, http:\/\/www.le-parc-des-acacias.com\/site\/wp-content\/uploads\/2018\/05\/header.png 1936w\" sizes=\"auto, (max-width: 622px) 100vw, 622px\" \/><\/p>\n<h6><\/h6>\n<h6><\/h6>\n<h6 style=\"text-align: center;\"><span style=\"color: #993300;\">Nous sommes \u00e9leveurs de plusieurs races de chiens : Cairn Terrier, Jack Russell, Coton de Tul\u00e9ar et Berger Belge Malinois.<\/span><\/h6>\n<p>&nbsp;<\/p>\n<p style=\"text-align: center;\">\u2022 La devise de notre \u00e9levage : qualit\u00e9 et bonne sant\u00e9. Nos chiots sont disponibles toute l&rsquo;ann\u00e9e, inscrits au LOF, Primo Vaccin\u00e9s, Garantie Sant\u00e9 et Suivi V\u00e9t\u00e9rinaire.<\/p>\n<p style=\"text-align: center;\">\u2022 Nous sommes situ\u00e9s \u00e0 Passy en Valois dans l\u2019Aisne (02) en Picardie, entre Ch\u00e2teau-Thierry, Meaux et Soissons, \u00e0 15 km en-dessous de Villers-Cotter\u00eats, \u00e0 1h de Paris, de Reims (Marne \u2013 51), de St Quentin ou de Laon. Proche de la Seine et Marne (77) et de l\u2019Oise (60).<\/p>\n<p style=\"text-align: center;\">N&rsquo;h\u00e9sitez pas \u00e0 nous contacter <span style=\"color: #ff6600;\"><a style=\"color: #ff6600;\" href=\"http:\/\/www.le-parc-des-acacias.com\/site\/contact\/\"><span style=\"color: #993300;\">par email ou par t\u00e9l\u00e9phone<\/span><\/a><\/span>. Nous sommes \u00e0 votre disposition<\/p>\n<h6 style=\"text-align: center;\"><span style=\"color: #993300;\"><strong>Au 06 23 25 84 58 ou 03 23 96 80 44<\/strong><\/span><\/h6>\n","protected":false},"excerpt":{"rendered":"<p>Nous sommes \u00e9leveurs de plusieurs races de chiens : Cairn Terrier, Jack Russell, Coton de Tul\u00e9ar et Berger Belge Malinois. &nbsp; \u2022 La devise de notre \u00e9levage : qualit\u00e9 et bonne sant\u00e9. Nos chiots sont disponibles toute l&rsquo;ann\u00e9e, inscrits au&hellip; <\/p>\n","protected":false},"author":1,"featured_media":0,"parent":0,"menu_order":0,"comment_status":"closed","ping_status":"closed","template":"","meta":{"footnotes":""},"class_list":["post-16","page","type-page","status-publish","hentry"],"_links":{"self":[{"href":"http:\/\/www.le-parc-des-acacias.com\/site\/wp-json\/wp\/v2\/pages\/16","targetHints":{"allow":["GET"]}}],"collection":[{"href":"http:\/\/www.le-parc-des-acacias.com\/site\/wp-json\/wp\/v2\/pages"}],"about":[{"href":"http:\/\/www.le-parc-des-acacias.com\/site\/wp-json\/wp\/v2\/types\/page"}],"author":[{"embeddable":true,"href":"http:\/\/www.le-parc-des-acacias.com\/site\/wp-json\/wp\/v2\/users\/1"}],"replies":[{"embeddable":true,"href":"http:\/\/www.le-parc-des-acacias.com\/site\/wp-json\/wp\/v2\/comments?post=16"}],"version-history":[{"count":140,"href":"http:\/\/www.le-parc-des-acacias.com\/site\/wp-json\/wp\/v2\/pages\/16\/revisions"}],"predecessor-version":[{"id":2398,"href":"http:\/\/www.le-parc-des-acacias.com\/site\/wp-json\/wp\/v2\/pages\/16\/revisions\/2398"}],"wp:attachment":[{"href":"http:\/\/www.le-parc-des-acacias.com\/site\/wp-json\/wp\/v2\/media?parent=16"}],"curies":[{"name":"wp","href":"https:\/\/api.w.org\/{rel}","templated":true}]}}