{"id":122,"date":"2018-04-02T12:22:34","date_gmt":"2018-04-02T10:22:34","guid":{"rendered":"http:\/\/www.le-parc-des-acacias.com\/site\/?page_id=122"},"modified":"2026-04-17T15:14:26","modified_gmt":"2026-04-17T13:14:26","slug":"portee-cairn-terrier","status":"publish","type":"page","link":"http:\/\/www.le-parc-des-acacias.com\/site\/chiots-disponibles\/portee-cairn-terrier\/","title":{"rendered":"Port\u00e9es Cairn Terrier"},"content":{"rendered":"<p><span style=\"color: #993300;\">Tous nos chiots sont vendus, identifi\u00e9s, vaccin\u00e9s et vermifuges au d\u00e9part de l&rsquo;\u00e9levage.<\/span><\/p>\n<\/p>\n\n\n<p class=\"has-light-green-cyan-background-color has-background has-medium-font-size\">PAS DE BEBES POUR LE MOMENT !  une nouvelle port\u00e9e pr\u00e9vue pour juin <\/p>\n\n\n\n<figure class=\"wp-block-image size-large\"><img loading=\"lazy\" decoding=\"async\" width=\"768\" height=\"1024\" src=\"http:\/\/www.le-parc-des-acacias.com\/site\/wp-content\/uploads\/2025\/10\/2025-08-01-09.58.31-768x1024.jpg\" alt=\"\" class=\"wp-image-2746\" srcset=\"http:\/\/www.le-parc-des-acacias.com\/site\/wp-content\/uploads\/2025\/10\/2025-08-01-09.58.31-768x1024.jpg 768w, http:\/\/www.le-parc-des-acacias.com\/site\/wp-content\/uploads\/2025\/10\/2025-08-01-09.58.31-188x250.jpg 188w, http:\/\/www.le-parc-des-acacias.com\/site\/wp-content\/uploads\/2025\/10\/2025-08-01-09.58.31-1152x1536.jpg 1152w, http:\/\/www.le-parc-des-acacias.com\/site\/wp-content\/uploads\/2025\/10\/2025-08-01-09.58.31-1536x2048.jpg 1536w, http:\/\/www.le-parc-des-acacias.com\/site\/wp-content\/uploads\/2025\/10\/2025-08-01-09.58.31-scaled.jpg 1920w\" sizes=\"auto, (max-width: 768px) 100vw, 768px\" \/><\/figure>\n\n\n\n<figure class=\"wp-block-gallery has-nested-images columns-default is-cropped wp-block-gallery-1 is-layout-flex wp-block-gallery-is-layout-flex\">\n<figure class=\"wp-block-image size-large\"><img loading=\"lazy\" decoding=\"async\" width=\"1024\" height=\"685\" data-id=\"2326\" src=\"http:\/\/www.le-parc-des-acacias.com\/site\/wp-content\/uploads\/2022\/07\/2022-07-01-12.49.04-1024x685.jpg\" alt=\"\" class=\"wp-image-2326\" srcset=\"http:\/\/www.le-parc-des-acacias.com\/site\/wp-content\/uploads\/2022\/07\/2022-07-01-12.49.04-1024x685.jpg 1024w, http:\/\/www.le-parc-des-acacias.com\/site\/wp-content\/uploads\/2022\/07\/2022-07-01-12.49.04-270x181.jpg 270w, http:\/\/www.le-parc-des-acacias.com\/site\/wp-content\/uploads\/2022\/07\/2022-07-01-12.49.04-768x514.jpg 768w, http:\/\/www.le-parc-des-acacias.com\/site\/wp-content\/uploads\/2022\/07\/2022-07-01-12.49.04-1536x1028.jpg 1536w, http:\/\/www.le-parc-des-acacias.com\/site\/wp-content\/uploads\/2022\/07\/2022-07-01-12.49.04.jpg 1936w\" sizes=\"auto, (max-width: 1024px) 100vw, 1024px\" \/><\/figure>\n\n\n\n<figure class=\"wp-block-image size-large\"><img loading=\"lazy\" decoding=\"async\" width=\"1024\" height=\"685\" data-id=\"1124\" src=\"http:\/\/www.le-parc-des-acacias.com\/site\/wp-content\/uploads\/2018\/10\/DSC_0014-1024x685.jpg\" alt=\"\" class=\"wp-image-1124\" srcset=\"http:\/\/www.le-parc-des-acacias.com\/site\/wp-content\/uploads\/2018\/10\/DSC_0014-1024x685.jpg 1024w, http:\/\/www.le-parc-des-acacias.com\/site\/wp-content\/uploads\/2018\/10\/DSC_0014-270x181.jpg 270w, http:\/\/www.le-parc-des-acacias.com\/site\/wp-content\/uploads\/2018\/10\/DSC_0014-768x514.jpg 768w, http:\/\/www.le-parc-des-acacias.com\/site\/wp-content\/uploads\/2018\/10\/DSC_0014.jpg 1936w\" sizes=\"auto, (max-width: 1024px) 100vw, 1024px\" \/><\/figure>\n\n\n\n<figure class=\"wp-block-image size-large\"><img loading=\"lazy\" decoding=\"async\" width=\"866\" height=\"863\" data-id=\"477\" src=\"http:\/\/www.le-parc-des-acacias.com\/site\/wp-content\/uploads\/2018\/04\/DSC_0018.jpg\" alt=\"\" class=\"wp-image-477\" srcset=\"http:\/\/www.le-parc-des-acacias.com\/site\/wp-content\/uploads\/2018\/04\/DSC_0018.jpg 866w, http:\/\/www.le-parc-des-acacias.com\/site\/wp-content\/uploads\/2018\/04\/DSC_0018-150x150.jpg 150w, http:\/\/www.le-parc-des-acacias.com\/site\/wp-content\/uploads\/2018\/04\/DSC_0018-300x300.jpg 300w, http:\/\/www.le-parc-des-acacias.com\/site\/wp-content\/uploads\/2018\/04\/DSC_0018-768x765.jpg 768w, http:\/\/www.le-parc-des-acacias.com\/site\/wp-content\/uploads\/2018\/04\/DSC_0018-230x230.jpg 230w\" sizes=\"auto, (max-width: 866px) 100vw, 866px\" \/><\/figure>\n\n\n\n<figure class=\"wp-block-image size-large\"><img loading=\"lazy\" decoding=\"async\" width=\"768\" height=\"1024\" data-id=\"455\" src=\"http:\/\/www.le-parc-des-acacias.com\/site\/wp-content\/uploads\/2018\/04\/2018-04-09-11.08.49-e1523397716319-768x1024.jpg\" alt=\"\" class=\"wp-image-455\" srcset=\"http:\/\/www.le-parc-des-acacias.com\/site\/wp-content\/uploads\/2018\/04\/2018-04-09-11.08.49-e1523397716319-768x1024.jpg 768w, http:\/\/www.le-parc-des-acacias.com\/site\/wp-content\/uploads\/2018\/04\/2018-04-09-11.08.49-e1523397716319-225x300.jpg 225w\" sizes=\"auto, (max-width: 768px) 100vw, 768px\" \/><\/figure>\n\n\n\n<figure class=\"wp-block-image size-large\"><img loading=\"lazy\" decoding=\"async\" width=\"1024\" height=\"685\" data-id=\"2475\" src=\"http:\/\/www.le-parc-des-acacias.com\/site\/wp-content\/uploads\/2023\/04\/DSC_0052-1024x685.jpg\" alt=\"\" class=\"wp-image-2475\" srcset=\"http:\/\/www.le-parc-des-acacias.com\/site\/wp-content\/uploads\/2023\/04\/DSC_0052-1024x685.jpg 1024w, http:\/\/www.le-parc-des-acacias.com\/site\/wp-content\/uploads\/2023\/04\/DSC_0052-270x181.jpg 270w, http:\/\/www.le-parc-des-acacias.com\/site\/wp-content\/uploads\/2023\/04\/DSC_0052-768x514.jpg 768w, http:\/\/www.le-parc-des-acacias.com\/site\/wp-content\/uploads\/2023\/04\/DSC_0052-1536x1028.jpg 1536w, http:\/\/www.le-parc-des-acacias.com\/site\/wp-content\/uploads\/2023\/04\/DSC_0052.jpg 1936w\" sizes=\"auto, (max-width: 1024px) 100vw, 1024px\" \/><\/figure>\n\n\n\n<figure class=\"wp-block-image size-large\"><img loading=\"lazy\" decoding=\"async\" width=\"336\" height=\"448\" data-id=\"340\" src=\"http:\/\/www.le-parc-des-acacias.com\/site\/wp-content\/uploads\/2018\/04\/cairn6.jpg\" alt=\"\" class=\"wp-image-340\" srcset=\"http:\/\/www.le-parc-des-acacias.com\/site\/wp-content\/uploads\/2018\/04\/cairn6.jpg 336w, http:\/\/www.le-parc-des-acacias.com\/site\/wp-content\/uploads\/2018\/04\/cairn6-225x300.jpg 225w\" sizes=\"auto, (max-width: 336px) 100vw, 336px\" \/><\/figure>\n\n\n\n<figure class=\"wp-block-image size-large\"><img loading=\"lazy\" decoding=\"async\" width=\"1024\" height=\"685\" data-id=\"1863\" src=\"http:\/\/www.le-parc-des-acacias.com\/site\/wp-content\/uploads\/2019\/10\/DSC_0029-1024x685.jpg\" alt=\"\" class=\"wp-image-1863\" srcset=\"http:\/\/www.le-parc-des-acacias.com\/site\/wp-content\/uploads\/2019\/10\/DSC_0029-1024x685.jpg 1024w, http:\/\/www.le-parc-des-acacias.com\/site\/wp-content\/uploads\/2019\/10\/DSC_0029-270x181.jpg 270w, http:\/\/www.le-parc-des-acacias.com\/site\/wp-content\/uploads\/2019\/10\/DSC_0029-768x514.jpg 768w, http:\/\/www.le-parc-des-acacias.com\/site\/wp-content\/uploads\/2019\/10\/DSC_0029.jpg 1936w\" sizes=\"auto, (max-width: 1024px) 100vw, 1024px\" \/><\/figure>\n\n\n\n<figure class=\"wp-block-image size-large\"><img loading=\"lazy\" decoding=\"async\" width=\"1024\" height=\"685\" data-id=\"2558\" src=\"http:\/\/www.le-parc-des-acacias.com\/site\/wp-content\/uploads\/2023\/10\/DSC_0047-1024x685.jpg\" alt=\"\" class=\"wp-image-2558\" srcset=\"http:\/\/www.le-parc-des-acacias.com\/site\/wp-content\/uploads\/2023\/10\/DSC_0047-1024x685.jpg 1024w, http:\/\/www.le-parc-des-acacias.com\/site\/wp-content\/uploads\/2023\/10\/DSC_0047-270x181.jpg 270w, http:\/\/www.le-parc-des-acacias.com\/site\/wp-content\/uploads\/2023\/10\/DSC_0047-768x514.jpg 768w, http:\/\/www.le-parc-des-acacias.com\/site\/wp-content\/uploads\/2023\/10\/DSC_0047-1536x1028.jpg 1536w, http:\/\/www.le-parc-des-acacias.com\/site\/wp-content\/uploads\/2023\/10\/DSC_0047.jpg 1936w\" sizes=\"auto, (max-width: 1024px) 100vw, 1024px\" \/><\/figure>\n\n\n\n<figure class=\"wp-block-image size-large\"><img loading=\"lazy\" decoding=\"async\" width=\"1024\" height=\"685\" data-id=\"2043\" src=\"http:\/\/www.le-parc-des-acacias.com\/site\/wp-content\/uploads\/2020\/04\/DSC_0063-1024x685.jpg\" alt=\"\" class=\"wp-image-2043\" srcset=\"http:\/\/www.le-parc-des-acacias.com\/site\/wp-content\/uploads\/2020\/04\/DSC_0063-1024x685.jpg 1024w, http:\/\/www.le-parc-des-acacias.com\/site\/wp-content\/uploads\/2020\/04\/DSC_0063-270x181.jpg 270w, http:\/\/www.le-parc-des-acacias.com\/site\/wp-content\/uploads\/2020\/04\/DSC_0063-768x514.jpg 768w, http:\/\/www.le-parc-des-acacias.com\/site\/wp-content\/uploads\/2020\/04\/DSC_0063-1536x1028.jpg 1536w, http:\/\/www.le-parc-des-acacias.com\/site\/wp-content\/uploads\/2020\/04\/DSC_0063.jpg 1936w\" sizes=\"auto, (max-width: 1024px) 100vw, 1024px\" \/><\/figure>\n<\/figure>\n\n\n\n<figure class=\"wp-block-gallery has-nested-images columns-default is-cropped wp-block-gallery-2 is-layout-flex wp-block-gallery-is-layout-flex\">\n<figure class=\"wp-block-image size-large\"><img loading=\"lazy\" decoding=\"async\" width=\"1024\" height=\"685\" data-id=\"2324\" src=\"http:\/\/www.le-parc-des-acacias.com\/site\/wp-content\/uploads\/2022\/07\/2022-07-01-12.48.59-1024x685.jpg\" alt=\"\" class=\"wp-image-2324\" srcset=\"http:\/\/www.le-parc-des-acacias.com\/site\/wp-content\/uploads\/2022\/07\/2022-07-01-12.48.59-1024x685.jpg 1024w, http:\/\/www.le-parc-des-acacias.com\/site\/wp-content\/uploads\/2022\/07\/2022-07-01-12.48.59-270x181.jpg 270w, http:\/\/www.le-parc-des-acacias.com\/site\/wp-content\/uploads\/2022\/07\/2022-07-01-12.48.59-768x514.jpg 768w, http:\/\/www.le-parc-des-acacias.com\/site\/wp-content\/uploads\/2022\/07\/2022-07-01-12.48.59-1536x1028.jpg 1536w, http:\/\/www.le-parc-des-acacias.com\/site\/wp-content\/uploads\/2022\/07\/2022-07-01-12.48.59.jpg 1936w\" sizes=\"auto, (max-width: 1024px) 100vw, 1024px\" \/><\/figure>\n\n\n\n<figure class=\"wp-block-image size-large\"><img loading=\"lazy\" decoding=\"async\" width=\"1024\" height=\"685\" data-id=\"2320\" src=\"http:\/\/www.le-parc-des-acacias.com\/site\/wp-content\/uploads\/2022\/07\/2022-07-01-12.42.41-1024x685.jpg\" alt=\"\" class=\"wp-image-2320\" srcset=\"http:\/\/www.le-parc-des-acacias.com\/site\/wp-content\/uploads\/2022\/07\/2022-07-01-12.42.41-1024x685.jpg 1024w, http:\/\/www.le-parc-des-acacias.com\/site\/wp-content\/uploads\/2022\/07\/2022-07-01-12.42.41-270x181.jpg 270w, http:\/\/www.le-parc-des-acacias.com\/site\/wp-content\/uploads\/2022\/07\/2022-07-01-12.42.41-768x514.jpg 768w, http:\/\/www.le-parc-des-acacias.com\/site\/wp-content\/uploads\/2022\/07\/2022-07-01-12.42.41-1536x1028.jpg 1536w, http:\/\/www.le-parc-des-acacias.com\/site\/wp-content\/uploads\/2022\/07\/2022-07-01-12.42.41.jpg 1936w\" sizes=\"auto, (max-width: 1024px) 100vw, 1024px\" \/><\/figure>\n\n\n\n<figure class=\"wp-block-image size-large\"><img loading=\"lazy\" decoding=\"async\" width=\"1024\" height=\"685\" data-id=\"2042\" src=\"http:\/\/www.le-parc-des-acacias.com\/site\/wp-content\/uploads\/2020\/04\/DSC_0061-1024x685.jpg\" alt=\"\" class=\"wp-image-2042\" srcset=\"http:\/\/www.le-parc-des-acacias.com\/site\/wp-content\/uploads\/2020\/04\/DSC_0061-1024x685.jpg 1024w, http:\/\/www.le-parc-des-acacias.com\/site\/wp-content\/uploads\/2020\/04\/DSC_0061-270x181.jpg 270w, http:\/\/www.le-parc-des-acacias.com\/site\/wp-content\/uploads\/2020\/04\/DSC_0061-768x514.jpg 768w, http:\/\/www.le-parc-des-acacias.com\/site\/wp-content\/uploads\/2020\/04\/DSC_0061-1536x1028.jpg 1536w, http:\/\/www.le-parc-des-acacias.com\/site\/wp-content\/uploads\/2020\/04\/DSC_0061.jpg 1936w\" sizes=\"auto, (max-width: 1024px) 100vw, 1024px\" \/><\/figure>\n\n\n\n<figure class=\"wp-block-image size-large\"><img loading=\"lazy\" decoding=\"async\" width=\"1024\" height=\"685\" data-id=\"2043\" src=\"http:\/\/www.le-parc-des-acacias.com\/site\/wp-content\/uploads\/2020\/04\/DSC_0063-1024x685.jpg\" alt=\"\" class=\"wp-image-2043\" srcset=\"http:\/\/www.le-parc-des-acacias.com\/site\/wp-content\/uploads\/2020\/04\/DSC_0063-1024x685.jpg 1024w, http:\/\/www.le-parc-des-acacias.com\/site\/wp-content\/uploads\/2020\/04\/DSC_0063-270x181.jpg 270w, http:\/\/www.le-parc-des-acacias.com\/site\/wp-content\/uploads\/2020\/04\/DSC_0063-768x514.jpg 768w, http:\/\/www.le-parc-des-acacias.com\/site\/wp-content\/uploads\/2020\/04\/DSC_0063-1536x1028.jpg 1536w, http:\/\/www.le-parc-des-acacias.com\/site\/wp-content\/uploads\/2020\/04\/DSC_0063.jpg 1936w\" sizes=\"auto, (max-width: 1024px) 100vw, 1024px\" \/><\/figure>\n<\/figure>\n\n\n\n<p><\/p>\n","protected":false},"excerpt":{"rendered":"<p>Tous nos chiots sont vendus, identifi\u00e9s, vaccin\u00e9s et vermifuges au d\u00e9part de l&rsquo;\u00e9levage. PAS DE BEBES POUR LE MOMENT ! une nouvelle port\u00e9e pr\u00e9vue pour juin<\/p>\n","protected":false},"author":1,"featured_media":0,"parent":76,"menu_order":0,"comment_status":"closed","ping_status":"closed","template":"","meta":{"footnotes":""},"class_list":["post-122","page","type-page","status-publish","hentry"],"_links":{"self":[{"href":"http:\/\/www.le-parc-des-acacias.com\/site\/wp-json\/wp\/v2\/pages\/122","targetHints":{"allow":["GET"]}}],"collection":[{"href":"http:\/\/www.le-parc-des-acacias.com\/site\/wp-json\/wp\/v2\/pages"}],"about":[{"href":"http:\/\/www.le-parc-des-acacias.com\/site\/wp-json\/wp\/v2\/types\/page"}],"author":[{"embeddable":true,"href":"http:\/\/www.le-parc-des-acacias.com\/site\/wp-json\/wp\/v2\/users\/1"}],"replies":[{"embeddable":true,"href":"http:\/\/www.le-parc-des-acacias.com\/site\/wp-json\/wp\/v2\/comments?post=122"}],"version-history":[{"count":181,"href":"http:\/\/www.le-parc-des-acacias.com\/site\/wp-json\/wp\/v2\/pages\/122\/revisions"}],"predecessor-version":[{"id":2775,"href":"http:\/\/www.le-parc-des-acacias.com\/site\/wp-json\/wp\/v2\/pages\/122\/revisions\/2775"}],"up":[{"embeddable":true,"href":"http:\/\/www.le-parc-des-acacias.com\/site\/wp-json\/wp\/v2\/pages\/76"}],"wp:attachment":[{"href":"http:\/\/www.le-parc-des-acacias.com\/site\/wp-json\/wp\/v2\/media?parent=122"}],"curies":[{"name":"wp","href":"https:\/\/api.w.org\/{rel}","templated":true}]}}